{"id":3720,"date":"2024-01-15T01:36:27","date_gmt":"2024-01-14T18:36:27","guid":{"rendered":"https:\/\/tapgooglereview.io\/product\/combo-trang\/"},"modified":"2024-01-25T15:18:27","modified_gmt":"2024-01-25T08:18:27","slug":"combo-trang","status":"publish","type":"product","link":"https:\/\/tapgooglereview.io\/vi\/product\/combo-trang\/","title":{"rendered":"Google Review COMBO TR\u1eaeNG"},"content":{"rendered":"<p>Google Review COMBO TR\u1eaeNG v\u1edbi c\u00f4ng ngh\u1ec7 NFC l\u00e0 s\u1ea3n ph\u1ea9m \u0111\u1ed9t ph\u00e1, t\u1ea1o ra tr\u1ea3i nghi\u1ec7m \u0111\u00e1nh gi\u00e1 tr\u1ef1c tuy\u1ebfn ti\u1ec7n l\u1ee3i v\u00e0 nhanh ch\u00f3ng cho kh\u00e1ch h\u00e0ng v\u00e0 doanh nghi\u1ec7p.<\/p>\n<p>Google Review COMBO TR\u1eaeNG c\u1ee7a VDS \u0111\u01b0\u1ee3c thi\u1ebft k\u1ebf v\u1edbi k\u00edch th\u01b0\u1edbc nh\u1ecf g\u1ecdn, gi\u00fap kh\u00e1ch h\u00e0ng d\u1ec5 d\u00e0ng mang theo ho\u1eb7c d\u00e1n v\u00e0o b\u1ea5t c\u1ee9 \u0111\u00e2u trong C\u1eeda h\u00e0ng nh\u01b0 b\u00e0n, t\u01b0\u1eddng, t\u1ee7, l\u1ecd hoa, v.v. Kh\u00e1ch h\u00e0ng ch\u1ec9 c\u1ea7n ch\u1ea1m \u0111i\u1ec7n tho\u1ea1i v\u00e0o th\u1ebb v\u00e0 th\u00eam \u0111\u00e1nh gi\u00e1 cho Store tr\u00ean Google.<\/p>\n<figure id=\"attachment_4061\" aria-describedby=\"caption-attachment-4061\" style=\"width: 500px\" class=\"wp-caption aligncenter\"><img loading=\"lazy\" decoding=\"async\" class=\"wp-image-4061\" src=\"https:\/\/tapgooglereview.io\/wp-content\/uploads\/2024\/01\/Combo-White-1.jpg\" alt=\"Google Review COMBO TR\u1eaeNG\" width=\"500\" height=\"499\" srcset=\"https:\/\/tapgooglereview.io\/wp-content\/uploads\/2024\/01\/Combo-White-1.jpg 643w, https:\/\/tapgooglereview.io\/wp-content\/uploads\/2024\/01\/Combo-White-1-247x247.jpg 247w, https:\/\/tapgooglereview.io\/wp-content\/uploads\/2024\/01\/Combo-White-1-100x100.jpg 100w, https:\/\/tapgooglereview.io\/wp-content\/uploads\/2024\/01\/Combo-White-1-510x509.jpg 510w\" sizes=\"auto, (max-width: 500px) 100vw, 500px\" \/><figcaption id=\"caption-attachment-4061\" class=\"wp-caption-text\">Google Review COMBO TR\u1eaeNG<\/figcaption><\/figure>\n<h2>Google Review COMBO TR\u1eaeNG &#8211; Th\u00f4ng s\u1ed1 k\u1ef9 thu\u1eadt:<\/h2>\n<ul>\n<li>C\u00f4ng ngh\u1ec7: NFC v\u00e0 QR<\/li>\n<li>Ch\u1ea5t li\u1ec7u: Nh\u1ef1a<\/li>\n<li>In \u1ea5n: M\u1ed9t m\u1eb7t, c\u00f3 l\u1edbp keo d\u00ednh ch\u1eafc ch\u1eafn \u1edf m\u1eb7t sau<\/li>\n<li>Kho\u1ea3ng c\u00e1ch \u0111\u1ecdc NFC:&lt; 5cm<\/li>\n<li>K\u00edch th\u01b0\u1edbc: 2,5&#215;3,5<\/li>\n<li>Thi\u1ebft k\u1ebf linh ho\u1ea1t \u0111\u1ec3 ch\u1ee9a th\u00f4ng tin in t\u00f9y ch\u1ec9nh tr\u00ean th\u1ebb, t\u1ea1o s\u1ef1 nh\u1eadn di\u1ec7n th\u01b0\u01a1ng hi\u1ec7u m\u1ea1nh m\u1ebd.<\/li>\n<\/ul>\n<h2>Th\u00f4ng tin t\u00ednh n\u0103ng c\u01a1 b\u1ea3n:<\/h2>\n<ol>\n<li>Ph\u1ea3n h\u1ed3i v\u00e0 \u0111\u00e1nh gi\u00e1: Kh\u00e1ch h\u00e0ng c\u00f3 th\u1ec3 \u0111\u01b0a ra nh\u1eadn x\u00e9t v\u00e0 \u0111\u00e1nh gi\u00e1 v\u1ec1 d\u1ecbch v\u1ee5, m\u00f4i tr\u01b0\u1eddng, gi\u00e1 c\u1ea3, v.v.<\/li>\n<li>\u1ea2nh v\u00e0 Video: Kh\u00e1ch h\u00e0ng c\u00f3 th\u1ec3 t\u1ea3i l\u00ean h\u00ecnh \u1ea3nh, video \u0111\u1ec3 minh h\u1ecda v\u00e0 chia s\u1ebb tr\u1ea3i nghi\u1ec7m c\u1ee7a m\u00ecnh.<\/li>\n<li>X\u1ebfp h\u1ea1ng: Kh\u00e1ch h\u00e0ng c\u00f3 th\u1ec3 \u0111\u00e1nh gi\u00e1 doanh nghi\u1ec7p v\u1edbi 5 sao.<\/li>\n<li>T\u00edch h\u1ee3p v\u1edbi Th\u00f4ng tin doanh nghi\u1ec7p: C\u00e1c \u0111\u00e1nh gi\u00e1 v\u00e0 ph\u1ea3n h\u1ed3i tr\u00ean Google Maps th\u01b0\u1eddng xu\u1ea5t hi\u1ec7n trong ph\u1ea7n th\u00f4ng tin doanh nghi\u1ec7p tr\u00ean Google My Business, gi\u00fap kh\u00e1ch h\u00e0ng t\u00ecm hi\u1ec3u v\u1ec1 ch\u1ea5t l\u01b0\u1ee3ng, uy t\u00edn c\u1ee7a doanh nghi\u1ec7p.<\/li>\n<li>L\u1ee3i \u00edch t\u1eeb \u0110\u00e1nh gi\u00e1: Kh\u00e1ch h\u00e0ng c\u00f3 th\u1ec3 nghi\u00ean c\u1ee9u m\u1ed9t \u0111\u1ecba \u0111i\u1ec3m tr\u01b0\u1edbc khi gh\u00e9 th\u0103m, \u0111\u1ed3ng th\u1eddi doanh nghi\u1ec7p c\u00f3 c\u01a1 h\u1ed9i t\u1ea1o \u1ea5n t\u01b0\u1ee3ng t\u00edch c\u1ef1c v\u00e0 t\u01b0\u01a1ng t\u00e1c v\u1edbi kh\u00e1ch h\u00e0ng.<\/li>\n<li>Th\u1ed1ng k\u00ea v\u00e0 B\u00e1o c\u00e1o: Doanh nghi\u1ec7p c\u00f3 th\u1ec3 theo d\u00f5i v\u00e0 qu\u1ea3n l\u00fd \u0111\u00e1nh gi\u00e1 c\u1ee7a kh\u00e1ch h\u00e0ng.<\/li>\n<\/ol>\n<h2>\u1ee8ng d\u1ee5ng Google Review COMBO TR\u1eaeNG t\u1ea1i:<\/h2>\n<ul>\n<li>Nh\u00e0 h\u00e0ng<\/li>\n<li>Ti\u1ec7m l\u00e0m m\u00f3ng<\/li>\n<li>Ti\u1ec7m l\u00e0m t\u00f3c<\/li>\n<li>Qu\u00e1n Tr\u00e0 Boba<\/li>\n<li>Phong kham nha khoa<\/li>\n<li>C\u01a1 s\u1edf th\u01b0\u01a1ng m\u1ea1i<\/li>\n<li aria-level=\"1\">B\u00e1n l\u1ebb &#8230;<\/li>\n<\/ul>\n<h2>Cam k\u1ebft c\u1ee7a VDS:<\/h2>\n<ul>\n<li>B\u1ea3o h\u00e0nh: S\u1ea3n ph\u1ea9m s\u1ebd \u0111\u01b0\u1ee3c b\u1ea3o h\u00e0nh 1 \u0111\u1ed5i 1.<\/li>\n<li>\u0110\u00e1nh gi\u00e1 t\u0103ng: C\u1eeda h\u00e0ng s\u1ebd c\u00f3 th\u00eam \u0111\u00e1nh gi\u00e1 m\u1edbi.<\/li>\n<li>B\u1ea3o m\u1eadt v\u00e0 An to\u00e0n: C\u00f4ng ngh\u1ec7 NFC v\u00e0 QR \u0111\u1ea3m b\u1ea3o th\u00f4ng tin c\u00e1 nh\u00e2n c\u1ee7a kh\u00e1ch h\u00e0ng \u0111\u01b0\u1ee3c b\u1ea3o v\u1ec7 v\u00e0 ch\u1ec9 nh\u1eefng th\u00f4ng tin c\u1ea7n thi\u1ebft \u0111\u1ec3 \u0111\u00e1nh gi\u00e1 m\u1edbi \u0111\u01b0\u1ee3c truy\u1ec1n \u0111i.<\/li>\n<\/ul>\n<p>Li\u00ean h\u1ec7 v\u1edbi ch\u00fang t\u00f4i: <a title=\"Nh\u1ea5n v\u00e0o Google \u0110\u00e1nh gi\u00e1\" href=\"https:\/\/www.facebook.com\/tapgooglereview.io\/\">Tap Google Review<\/a><\/p>\n","protected":false},"excerpt":{"rendered":"<ul>\n<li aria-level=\"1\">T\u0103ng \u0111\u00e1nh gi\u00e1 5 SAO ch\u1ec9 v\u1edbi 1 CH\u1ea0M.<\/li>\n<li aria-level=\"1\">S\u1eafm m\u1ed9t l\u1ea7n s\u1eed d\u1ee5ng tr\u1ecdn \u0111\u1eddi.<\/li>\n<li aria-level=\"1\">Thi\u1ebft b\u1ecb c\u1ea7n thi\u1ebft, ho\u00e0n h\u1ea3o cho m\u1ecdi doanh nghi\u1ec7p.<\/li>\n<li aria-level=\"1\">Thanh to\u00e1n an to\u00e0n 100% v\u1edbi nhi\u1ec1u h\u00ecnh th\u1ee9c thanh to\u00e1n.<\/li>\n<li aria-level=\"1\">Thi\u1ebft k\u1ebf theo y\u00eau c\u1ea7u, h\u1ed7 tr\u1ee3 k\u1ef9 thu\u1eadt tr\u1ecdn \u0111\u1eddi.<\/li>\n<li aria-level=\"1\">Kh\u00f4ng gi\u1edbi h\u1ea1n 5* Review.<\/li>\n<\/ul>\n","protected":false},"featured_media":4061,"comment_status":"open","ping_status":"closed","template":"","meta":{"_acf_changed":false},"product_brand":[],"product_cat":[61],"product_tag":[],"class_list":{"0":"post-3720","1":"product","2":"type-product","3":"status-publish","4":"has-post-thumbnail","6":"product_cat-danh-muc","7":"wcpa_has_options","9":"first","10":"instock","11":"sale","12":"taxable","13":"shipping-taxable","14":"purchasable","15":"product-type-simple"},"acf":[],"wcpa_form_fields":{"wcpaData":{"product":{"product_price":149.94999999999998863131622783839702606201171875,"price_html":"<del aria-hidden=\"true\"><span class=\"woocommerce-Price-amount amount\"><bdi><span class=\"woocommerce-Price-currencySymbol\">&#36;<\/span>209.80<\/bdi><\/span><\/del> <span class=\"screen-reader-text\">Original price was: &#036;209.80.<\/span><ins aria-hidden=\"true\"><span class=\"woocommerce-Price-amount amount\"><bdi><span class=\"woocommerce-Price-currencySymbol\">&#36;<\/span>149.95<\/bdi><\/span><\/ins><span class=\"screen-reader-text\">Current price is: &#036;149.95.<\/span>","original_product_price":209.80000000000001136868377216160297393798828125,"price_including_tax":161.19999999999998863131622783839702606201171875,"price_excluding_tax":149.94999999999998863131622783839702606201171875,"product_id":{"parent":3720,"variation":false},"is_variable":false,"stock_status":"instock","stock_quantity":null,"parent_sku":"","product_attributes":[],"custom_fields":[],"is_taxable":true,"product_name":"Google Review COMBO TR\u1eaeNG","hasImage":false},"fields":{"sec_165af3a839dc8c":{"extra":{"key":"sec_165af3a839dc8c","section_id":"sec_165af3a839dc8c","name":"Default","status":1,"cl_rule":"show","enableCl":false,"relations":[],"toggle":true,"title_tag":"h3","show_title":false,"showPrice":"default","form_id":4280,"form_rules":{"exclude_from_discount":false,"fee_label":"Fee","disp_hide_options_price":false,"disp_show_section_price":false,"disp_show_field_price":true,"layout_option":"standard","pric_use_as_fee":false,"process_fee_as":"woo_fee"},"layout_option":"standard"},"fields":[[{"type":"placeselector","elementId":"placeselector_565af3a839dce3","label":"B\u01b0\u1edbc 3: T\u00ecm \u0111\u1ecba ch\u1ec9 Ti\u1ec7m","map_height":"300","pricingType":"fixed","name":"placeselector-1704995999845","enableCl":true,"cl_rule":"show","cl_val":"1 Location","col":6,"values":[],"relations":[],"active":true,"tooltip":"","placeholder":"V\u00ed d\u1ee5: Mandarin Nails","error":false,"required":true,"description":"N\u1ebfu Ti\u1ec7m c\u1ee7a b\u1ea1n kh\u00f4ng xu\u1ea5t hi\u1ec7n trong k\u1ebft qu\u1ea3 t\u00ecm ki\u1ebfm, vui l\u00f2ng cung c\u1ea5p T\u00ean Ti\u1ec7m, Th\u00e0nh Ph\u1ed1 v\u00e0 Zip Code.","gt_translate_keys":["label","placeholder","description","tooltip"],"price_dependency":false,"cl_dependency":false,"value":""}]]}},"config":{"price_override":"","enable_recaptcha":false,"bind_quantity":false,"quantity_bind_formula":false,"disp_summ_show_option_price":false,"disp_summ_show_product_price":true,"disp_summ_show_total_price":true,"disp_summ_show_fee":false,"disp_summ_show_discount":false,"summary_title":"","options_total_label":"Options Price","total_label":"Total","options_product_label":"Product Price","fee_label":"Fee","discount_label":"Discount","has_price":true,"has_quantity_formula":false},"mc_unit":1,"tax_rate":1,"tax_rate_real":0.07499999999999999722444243843710864894092082977294921875,"discount":{"percentage":0,"fixed":0},"design":{"conf":{"LabelPosition":"above","DescPosition":"above","UploadField":"custom_1","QuantityFieldStyle":"default"},"css":{"LeftLabelWidth":"120px"}},"formulas":[],"clones":false,"cartKey":false}},"_links":{"self":[{"href":"https:\/\/tapgooglereview.io\/vi\/wp-json\/wp\/v2\/product\/3720","targetHints":{"allow":["GET"]}}],"collection":[{"href":"https:\/\/tapgooglereview.io\/vi\/wp-json\/wp\/v2\/product"}],"about":[{"href":"https:\/\/tapgooglereview.io\/vi\/wp-json\/wp\/v2\/types\/product"}],"replies":[{"embeddable":true,"href":"https:\/\/tapgooglereview.io\/vi\/wp-json\/wp\/v2\/comments?post=3720"}],"wp:featuredmedia":[{"embeddable":true,"href":"https:\/\/tapgooglereview.io\/vi\/wp-json\/wp\/v2\/media\/4061"}],"wp:attachment":[{"href":"https:\/\/tapgooglereview.io\/vi\/wp-json\/wp\/v2\/media?parent=3720"}],"wp:term":[{"taxonomy":"product_brand","embeddable":true,"href":"https:\/\/tapgooglereview.io\/vi\/wp-json\/wp\/v2\/product_brand?post=3720"},{"taxonomy":"product_cat","embeddable":true,"href":"https:\/\/tapgooglereview.io\/vi\/wp-json\/wp\/v2\/product_cat?post=3720"},{"taxonomy":"product_tag","embeddable":true,"href":"https:\/\/tapgooglereview.io\/vi\/wp-json\/wp\/v2\/product_tag?post=3720"}],"curies":[{"name":"wp","href":"https:\/\/api.w.org\/{rel}","templated":true}]}}