{"id":3706,"date":"2024-01-13T14:43:10","date_gmt":"2024-01-13T07:43:10","guid":{"rendered":"https:\/\/tapgooglereview.io\/chinh-sach-hoan-tien\/"},"modified":"2024-01-24T15:53:40","modified_gmt":"2024-01-24T08:53:40","slug":"chinh-sach-hoan-tien","status":"publish","type":"page","link":"https:\/\/tapgooglereview.io\/vi\/chinh-sach-hoan-tien\/","title":{"rendered":"Ch\u00ednh s\u00e1ch ho\u00e0n ti\u1ec1n"},"content":{"rendered":"&#13;\n<h2><strong>Return and Exchange Policy of TapGoogleReview<\/strong><\/h2>&#13;\n<p>T\u1ea1i Tap Google Review, ch\u00fang t\u00f4i lu\u00f4n \u01b0u ti\u00ean s\u1ef1 h\u00e0i l\u00f2ng v\u00e0 th\u00e0nh c\u00f4ng c\u1ee7a c\u00e1c \u0111\u1ed1i t\u00e1c kinh doanh c\u00f3 gi\u00e1 tr\u1ecb c\u1ee7a m\u00ecnh. Ch\u00fang t\u00f4i cam k\u1ebft gi\u1ea3i quy\u1ebft k\u1ecbp th\u1eddi m\u1ecdi v\u1ea5n \u0111\u1ec1 li\u00ean quan \u0111\u1ebfn s\u1ea3n ph\u1ea9m v\u00e0 mang l\u1ea1i tr\u1ea3i nghi\u1ec7m t\u1ed1t nh\u1ea5t cho kh\u00e1ch h\u00e0ng.<\/p>&#13;\n<p><strong>Thay th\u1ebf s\u1ea3n ph\u1ea9m b\u1ecb l\u1ed7i<\/strong><\/p>&#13;\n<p>Trong tr\u01b0\u1eddng h\u1ee3p hi\u1ebfm hoi m\u00e0 s\u1ea3n ph\u1ea9m Tap Google Review kh\u00f4ng ho\u1ea1t \u0111\u1ed9ng nh\u01b0 mong \u0111\u1ee3i, ch\u00fang t\u00f4i s\u1ebd cung c\u1ea5p quy tr\u00ecnh thay th\u1ebf d\u1ec5 d\u00e0ng. Kh\u00e1ch h\u00e0ng ch\u1ec9 c\u1ea7n li\u00ean h\u1ec7 v\u1edbi nh\u00f3m h\u1ed7 tr\u1ee3 kh\u00e1ch h\u00e0ng c\u1ee7a ch\u00fang t\u00f4i trong v\u00f2ng 7 ng\u00e0y k\u1ec3 t\u1eeb ng\u00e0y nh\u1eadn \u0111\u01b0\u1ee3c s\u1ea3n ph\u1ea9m \u0111\u1ec3 b\u1eaft \u0111\u1ea7u qu\u00e1 tr\u00ecnh thay th\u1ebf.<\/p>&#13;\n<p><strong>Li\u00ean h\u1ec7 v\u1edbi nh\u00f3m h\u1ed7 tr\u1ee3 kh\u00e1ch h\u00e0ng c\u1ee7a ch\u00fang t\u00f4i<\/strong><\/p>&#13;\n<p>\u0110\u1ec3 y\u00eau c\u1ea7u thay th\u1ebf cho s\u1ea3n ph\u1ea9m b\u1ecb l\u1ed7i, vui l\u00f2ng li\u00ean h\u1ec7 v\u1edbi nh\u00f3m h\u1ed7 tr\u1ee3 kh\u00e1ch h\u00e0ng c\u1ee7a ch\u00fang t\u00f4i theo <u><a href=\"mailto:support@vdsignage.com\">\u0111\u1ecba ch\u1ec9 support@vdsignage.com.<\/a><\/u> Vui l\u00f2ng cung c\u1ea5p th\u00f4ng tin \u0111\u1eb7t h\u00e0ng v\u00e0 m\u00f4 t\u1ea3 r\u00f5 r\u00e0ng v\u1ec1 v\u1ea5n \u0111\u1ec1 \u0111\u1ec3 ch\u00fang t\u00f4i c\u00f3 th\u1ec3 h\u1ed7 tr\u1ee3 b\u1ea1n v\u00e0 x\u00e1c \u0111\u1ecbnh gi\u1ea3i ph\u00e1p ph\u00f9 h\u1ee3p nh\u1ea5t.<\/p>&#13;\n<p><strong>Quy tr\u00ecnh ho\u00e0n ti\u1ec1n hi\u1ec7u qu\u1ea3<\/strong><\/p>&#13;\n<p>D\u1ef1a tr\u00ean ki\u1ebfn \u200b\u200bth\u1ee9c chuy\u00ean m\u00f4n v\u1ec1 c\u00f4ng ngh\u1ec7 NFC, ch\u00fang t\u00f4i \u0111\u00e3 t\u1ed1i \u01b0u h\u00f3a quy tr\u00ecnh ho\u00e0n ti\u1ec1n \u0111\u1ec3 gi\u1ea3m thi\u1ec3u s\u1ef1 gi\u00e1n \u0111o\u1ea1n \u0111\u1ed1i v\u1edbi ho\u1ea1t \u0111\u1ed9ng kinh doanh c\u1ee7a b\u1ea1n. Thay v\u00ec y\u00eau c\u1ea7u b\u1ea1n tr\u1ea3 l\u1ea1i s\u1ea3n ph\u1ea9m, ch\u00fang t\u00f4i s\u1ebd nhanh ch\u00f3ng s\u1eafp x\u1ebfp \u0111\u1ec3 g\u1eedi s\u1ea3n ph\u1ea9m thay th\u1ebf tr\u1ef1c ti\u1ebfp cho b\u1ea1n.<\/p>&#13;\n<p><strong>X\u00e1c minh v\u1ea5n \u0111\u1ec1 v\u1ec1 s\u1ea3n ph\u1ea9m<\/strong><\/p>&#13;\n<p>Trong m\u1ed9t s\u1ed1 tr\u01b0\u1eddng h\u1ee3p, ch\u00fang t\u00f4i c\u00f3 th\u1ec3 y\u00eau c\u1ea7u th\u00eam th\u00f4ng tin ho\u1eb7c b\u1eb1ng ch\u1ee9ng \u0111\u1ec3 x\u00e1c nh\u1eadn v\u1ea5n \u0111\u1ec1 \u0111\u01b0\u1ee3c b\u00e1o c\u00e1o. \u0110i\u1ec1u n\u00e0y gi\u00fap ch\u00fang t\u00f4i c\u1ea3i thi\u1ec7n s\u1ea3n ph\u1ea9m v\u00e0 d\u1ecbch v\u1ee5 c\u1ee7a m\u00ecnh \u0111\u1ed3ng th\u1eddi \u0111\u1ea3m b\u1ea3o qu\u00e1 tr\u00ecnh thay th\u1ebf di\u1ec5n ra su\u00f4n s\u1ebb cho b\u1ea1n.<\/p>&#13;\n<p><strong>B\u1ea3o h\u00e0nh s\u1ea3n ph\u1ea9m<\/strong><\/p>&#13;\n<p>T\u1ea5t c\u1ea3 c\u00e1c s\u1ea3n ph\u1ea9m c\u1ee7a ch\u00fang t\u00f4i \u0111\u1ec1u \u0111\u01b0\u1ee3c b\u1ea3o h\u00e0nh 3 th\u00e1ng k\u1ec3 t\u1eeb ng\u00e0y giao h\u00e0ng \u0111\u1ec3 \u0111\u1ea3m b\u1ea3o \u0111\u1ea7y \u0111\u1ee7 ch\u1ee9c n\u0103ng ho\u1ea1t \u0111\u1ed9ng v\u00e0 b\u1ea3o v\u1ec7 kh\u1ecfi c\u00e1c l\u1ed7i s\u1ea3n xu\u1ea5t.<\/p>&#13;\n<p><strong>Tr\u1ea3 l\u1ea1i s\u1ea3n ph\u1ea9m kh\u00f4ng b\u1ecb l\u1ed7i<\/strong><\/p>&#13;\n<p>Ch\u00fang t\u00f4i kh\u00f4ng ch\u1ea5p nh\u1eadn \u0111\u1ed5i tr\u1ea3 \u0111\u1ed1i v\u1edbi nh\u1eefng s\u1ea3n ph\u1ea9m kh\u00f4ng b\u1ecb l\u1ed7i. Ch\u00fang t\u00f4i khuy\u1ebfn kh\u00edch kh\u00e1ch h\u00e0ng xem x\u00e9t c\u1ea9n th\u1eadn c\u00e1c th\u00f4ng s\u1ed1 k\u1ef9 thu\u1eadt v\u00e0 th\u00f4ng tin t\u01b0\u01a1ng th\u00edch tr\u01b0\u1edbc khi \u0111\u01b0a ra quy\u1ebft \u0111\u1ecbnh mua h\u00e0ng.<\/p>&#13;\n<p><strong>H\u1ed7 tr\u1ee3 kh\u00e1ch h\u00e0ng xu\u1ea5t s\u1eafc<\/strong><\/p>&#13;\n<p>Cam k\u1ebft c\u1ee7a ch\u00fang t\u00f4i \u0111\u1ed1i v\u1edbi s\u1ef1 h\u00e0i l\u00f2ng c\u1ee7a b\u1ea1n v\u01b0\u1ee3t xa vi\u1ec7c mua h\u00e0ng. N\u1ebfu b\u1ea1n c\u00f3 b\u1ea5t k\u1ef3 c\u00e2u h\u1ecfi, ph\u1ea3n h\u1ed3i ho\u1eb7c quan t\u00e2m n\u00e0o, vui l\u00f2ng li\u00ean h\u1ec7 v\u1edbi nh\u00f3m h\u1ed7 tr\u1ee3 kh\u00e1ch h\u00e0ng chuy\u00ean nghi\u1ec7p c\u1ee7a ch\u00fang t\u00f4i. Ch\u00fang t\u00f4i lu\u00f4n s\u1eb5n s\u00e0ng h\u1ed7 tr\u1ee3 v\u00e0 \u0111\u1ea3m b\u1ea3o t\u01b0\u01a1ng t\u00e1c hi\u1ec7u qu\u1ea3 v\u1edbi TapGoogleReview.<\/p>&#13;\n<p>Ch\u00fang t\u00f4i \u0111\u00e1nh gi\u00e1 cao s\u1ef1 tin t\u01b0\u1edfng m\u00e0 b\u1ea1n \u0111\u00e3 \u0111\u1eb7t v\u00e0o TapGoogleReview v\u1edbi t\u01b0 c\u00e1ch l\u00e0 nh\u00e0 cung c\u1ea5p c\u00f4ng ngh\u1ec7 NFC c\u1ee7a b\u1ea1n. Ch\u00ednh s\u00e1ch ho\u00e0n tr\u1ea3 c\u1ee7a ch\u00fang t\u00f4i nh\u1ea5n m\u1ea1nh cam k\u1ebft c\u1ee7a ch\u00fang t\u00f4i trong vi\u1ec7c cung c\u1ea5p c\u00e1c s\u1ea3n ph\u1ea9m ch\u1ea5t l\u01b0\u1ee3ng cao v\u00e0 \u0111\u00e1ng tin c\u1eady, c\u0169ng nh\u01b0 s\u1ef1 c\u1ed1ng hi\u1ebfn ki\u00ean \u0111\u1ecbnh c\u1ee7a ch\u00fang t\u00f4i \u0111\u1ec3 h\u1ed7 tr\u1ee3 s\u1ef1 th\u00e0nh c\u00f4ng c\u1ee7a b\u1ea1n.<\/p>&#13;\n","protected":false},"excerpt":{"rendered":"<p>&#13; Return and Exchange Policy of TapGoogleReview &#13; T\u1ea1i Tap Google Review, ch\u00fang t\u00f4i lu\u00f4n \u01b0u ti\u00ean s\u1ef1 h\u00e0i l\u00f2ng v\u00e0 th\u00e0nh c\u00f4ng c\u1ee7a c\u00e1c \u0111\u1ed1i t\u00e1c kinh doanh c\u00f3 gi\u00e1 tr\u1ecb c\u1ee7a m\u00ecnh. Ch\u00fang t\u00f4i cam k\u1ebft gi\u1ea3i quy\u1ebft k\u1ecbp th\u1eddi m\u1ecdi v\u1ea5n \u0111\u1ec1 li\u00ean quan \u0111\u1ebfn s\u1ea3n ph\u1ea9m v\u00e0 mang l\u1ea1i tr\u1ea3i nghi\u1ec7m [&#8230;]\n","protected":false},"author":1,"featured_media":0,"parent":0,"menu_order":0,"comment_status":"closed","ping_status":"closed","template":"","meta":{"_acf_changed":false,"footnotes":""},"class_list":["post-3706","page","type-page","status-publish","hentry"],"acf":[],"_links":{"self":[{"href":"https:\/\/tapgooglereview.io\/vi\/wp-json\/wp\/v2\/pages\/3706","targetHints":{"allow":["GET"]}}],"collection":[{"href":"https:\/\/tapgooglereview.io\/vi\/wp-json\/wp\/v2\/pages"}],"about":[{"href":"https:\/\/tapgooglereview.io\/vi\/wp-json\/wp\/v2\/types\/page"}],"author":[{"embeddable":true,"href":"https:\/\/tapgooglereview.io\/vi\/wp-json\/wp\/v2\/users\/1"}],"replies":[{"embeddable":true,"href":"https:\/\/tapgooglereview.io\/vi\/wp-json\/wp\/v2\/comments?post=3706"}],"version-history":[{"count":5,"href":"https:\/\/tapgooglereview.io\/vi\/wp-json\/wp\/v2\/pages\/3706\/revisions"}],"predecessor-version":[{"id":3993,"href":"https:\/\/tapgooglereview.io\/vi\/wp-json\/wp\/v2\/pages\/3706\/revisions\/3993"}],"wp:attachment":[{"href":"https:\/\/tapgooglereview.io\/vi\/wp-json\/wp\/v2\/media?parent=3706"}],"curies":[{"name":"wp","href":"https:\/\/api.w.org\/{rel}","templated":true}]}}