{"id":3461,"date":"2023-11-29T20:38:47","date_gmt":"2023-11-29T13:38:47","guid":{"rendered":"https:\/\/tapgooglereview.io\/ve-chung-toi\/"},"modified":"2024-01-24T00:37:28","modified_gmt":"2024-01-23T17:37:28","slug":"about-us","status":"publish","type":"page","link":"https:\/\/tapgooglereview.io\/vi\/about-us\/","title":{"rendered":"V\u1ec1 ch\u00fang t\u00f4i"},"content":{"rendered":"\n  <div class=\"banner has-hover hide-for-medium\" id=\"banner-693143127\">\n          <div class=\"banner-inner fill\">\n        <div class=\"banner-bg fill\" >\n            <img loading=\"lazy\" decoding=\"async\" width=\"1920\" height=\"900\" src=\"https:\/\/tapgooglereview.io\/wp-content\/uploads\/2023\/11\/bg-chung-toi-la-vds.png\" class=\"bg attachment-original size-original\" alt=\"\" \/>                                    \n                    <\/div>\n\t\t\n        <div class=\"banner-layers container\">\n            <div class=\"fill banner-link\"><\/div>            \n   <div id=\"text-box-675415959\" class=\"text-box banner-layer x4 md-x4 lg-x0 y10 md-y10 lg-y10 res-text\">\n                                <div class=\"text-box-content text dark\">\n              \n              <div class=\"text-inner text-left\">\n                  \n<h1><span class=\"mauxanhnhat\">CH\u00daNG T\u00d4I L\u00c0 VDS<\/span><\/h1>\n\t<div id=\"text-3366901110\" class=\"text is-larger\">\n\t\t\n<p>C\u00f4ng ty chuy\u00ean cung c\u1ea5p, thi\u1ebft l\u1eadp v\u00e0 thi\u1ebft k\u1ebf Digital Profile v\u00e0 Tap Google Review Card\/plate\/stands. Nh\u1eefng s\u1ea3n ph\u1ea9m n\u00e0y \u0111\u01b0\u1ee3c thi\u1ebft k\u1ebf \u0111\u1ec3 k\u1ebft n\u1ed1i v\u1edbi Google Reviews, nh\u1eb1m gi\u00fap kh\u00e1ch h\u00e0ng vi\u1ebft \u0111\u00e1nh gi\u00e1 tr\u00ean c\u00e1c trang Google d\u1ec5 d\u00e0ng v\u00e0 nhanh ch\u00f3ng ch\u1ec9 v\u1edbi m\u1ed9t ch\u1ea1m. C\u00f4ng ty s\u1eed d\u1ee5ng c\u00f4ng ngh\u1ec7 NFC \u0111\u1ec3 mang l\u1ea1i tr\u1ea3i nghi\u1ec7m li\u1ec1n m\u1ea1ch v\u00e0 hi\u1ec7u qu\u1ea3.<\/p>\n<p>Gi\u1ea3i ph\u00e1p th\u00f4ng minh gi\u00fap k\u1ebft n\u1ed1i nhanh ch\u00f3ng \u0111\u1ebfn trang Google Business, gi\u00fap kh\u00e1ch h\u00e0ng t\u01b0\u01a1ng t\u00e1c v\u1edbi Ti\u1ec7m ti\u1ec7n l\u1ee3i v\u00e0 d\u1ec5 d\u00e0ng h\u01a1n bao gi\u1edd h\u1ebft.<\/p>\n<p>Ngo\u00e0i ra, ch\u00fang t\u00f4i c\u00f3 chuy\u00ean m\u00f4n trong vi\u1ec7c thi\u1ebft k\u1ebf v\u00e0 t\u1ea1o n\u1ed9i dung t\u00f9y ch\u1ec9nh cho Digital Business Card v\u00e0 Tap Google Review NFC<\/p>\n<p>C\u00f4ng ty \u0111\u00e3 ho\u00e0n th\u00e0nh nhi\u1ec1u d\u1ef1 \u00e1n t\u1ea1i Hoa K\u1ef3, Canada v\u00e0 Vi\u1ec7t Nam.<br \/>\n\t\t\t<\/div>\n\t\n<a href=\"#\" class=\"button primary is-large lowercase btn-order\"  style=\"border-radius:10px;\">\n\t\t<span>Li\u00ean l\u1ea1c v\u1edbi ch\u00fang t\u00f4i ngay!<\/span>\n\t<\/a>\n\n<a href=\"https:\/\/tapgooglereview.io\/#\" class=\"button white is-outline is-large lowercase btn-view\"  style=\"border-radius:10px;\">\n\t\t<span>T\u00ecm hi\u1ec3u th\u00eam..<\/span>\n\t<\/a>\n\n              <\/div>\n           <\/div>\n                            \n<style>\n#text-box-675415959 {\n  width: 90%;\n}\n#text-box-675415959 .text-box-content {\n  font-size: 100%;\n}\n@media (min-width:550px) {\n  #text-box-675415959 {\n    width: 58%;\n  }\n}\n@media (min-width:850px) {\n  #text-box-675415959 {\n    width: 53%;\n  }\n  #text-box-675415959 .text-box-content {\n    font-size: 100%;\n  }\n}\n<\/style>\n    <\/div>\n \n        <\/div>\n      <\/div>\n\n            \n<style>\n#banner-693143127 {\n  padding-top: 99%;\n}\n@media (min-width:550px) {\n  #banner-693143127 {\n    padding-top: 62%;\n  }\n}\n@media (min-width:850px) {\n  #banner-693143127 {\n    padding-top: 47%;\n  }\n}\n<\/style>\n  <\/div>\n\n\n\n\t<section class=\"section dark show-for-medium\" id=\"section_391277142\">\n\t\t<div class=\"section-bg fill\" >\n\t\t\t<img loading=\"lazy\" decoding=\"async\" width=\"768\" height=\"1200\" src=\"https:\/\/tapgooglereview.io\/wp-content\/uploads\/2023\/11\/vds-ve-chung-toi-mb.png\" class=\"bg attachment-original size-original\" alt=\"\" \/>\t\t\t\t\t\t\n\t\t\t\n\n\t\t<\/div>\n\n\t\t\n\n\t\t<div class=\"section-content relative\">\n\t\t\t\n<div class=\"row\"  id=\"row-343267865\">\n\n\t<div id=\"col-787730571\" class=\"col small-12 large-12\"  >\n\t\t\t\t<div class=\"col-inner text-center\"  >\n\t\t\t\n\t\t\t\n\t<div id=\"text-2649044152\" class=\"text\">\n\t\t\n<h1><span class=\"mauxanhnhat\">CH\u00daNG T\u00d4I L\u00c0 VDS<\/span><\/h1>\n\t\t\n<style>\n#text-2649044152 {\n  font-size: 1.5rem;\n  line-height: 1.2;\n  text-align: center;\n}\n@media (min-width:550px) {\n  #text-2649044152 {\n    font-size: 1.4rem;\n  }\n}\n@media (min-width:850px) {\n  #text-2649044152 {\n    font-size: 1.9rem;\n  }\n}\n<\/style>\n\t<\/div>\n\t\n\t<div id=\"text-2995542282\" class=\"text\">\n\t\t\n<p style=\"text-align: center;\">C\u00f4ng ty chuy\u00ean cung c\u1ea5p, setup v\u00e0 thi\u1ebft k\u1ebf Digital Business Card v\u00e0 Tap Google Review NFC. Nh\u1eefng s\u1ea3n ph\u1ea9m n\u00e0y \u0111\u01b0\u1ee3c thi\u1ebft k\u1ebf \u0111\u1ec3 k\u1ebft n\u1ed1i v\u1edbi Google Reviews, nh\u1eb1m gi\u00fap kh\u00e1ch h\u00e0ng vi\u1ebft \u0111\u00e1nh gi\u00e1 tr\u00ean c\u00e1c trang Google d\u1ec5 d\u00e0ng v\u00e0 nhanh ch\u00f3ng ch\u1ec9 v\u1edbi m\u1ed9t ch\u1ea1m. C\u00f4ng ty s\u1eed d\u1ee5ng c\u00f4ng ngh\u1ec7 NFC \u0111\u1ec3 mang l\u1ea1i tr\u1ea3i nghi\u1ec7m li\u1ec1n m\u1ea1ch v\u00e0 hi\u1ec7u qu\u1ea3.<\/p>\n<p style=\"text-align: center;\">Gi\u1ea3i ph\u00e1p th\u00f4ng minh n\u00e0y gi\u00fap kh\u00e1ch h\u00e0ng c\u00f3 th\u1ec3 k\u1ebft n\u1ed1i nhanh ch\u00f3ng v\u1edbi \u0111\u1ebfn trang Google Business c\u1ee7a Ti\u1ec7m, t\u01b0\u01a1ng t\u00e1c thu\u1eadn ti\u1ec7n v\u00e0 d\u1ec5 d\u00e0ng h\u01a1n.<\/p>\n<p style=\"text-align: center;\">Ngo\u00e0i ra, ch\u00fang t\u00f4i c\u00f3 chuy\u00ean m\u00f4n trong vi\u1ec7c thi\u1ebft k\u1ebf v\u00e0 t\u1ea1o n\u1ed9i dung t\u00f9y ch\u1ec9nh cho Digital Business Card v\u00e0 Tap Google Review NFC<\/p>\n<p style=\"text-align: center;\">C\u00f4ng ty \u0111\u00e3 ho\u00e0n th\u00e0nh nhi\u1ec1u d\u1ef1 \u00e1n t\u1ea1i Hoa K\u1ef3, Canada v\u00e0 Vi\u1ec7t Nam.<\/p>\n\t\t\n<style>\n#text-2995542282 {\n  font-size: 1.25rem;\n  text-align: left;\n}\n<\/style>\n\t<\/div>\n\t\n<a href=\"#\" class=\"button primary is-large lowercase expand btn-order\"  >\n\t\t<span>Li\u00ean h\u1ec7 ngay!<\/span>\n\t<\/a>\n\n<a href=\"https:\/\/tapgooglereview.io\/#\" class=\"button white is-outline is-large lowercase expand btn-view\"  >\n\t\t<span>T\u00ecm hi\u1ec3u th\u00eam..<\/span>\n\t<\/a>\n\n\t\t<\/div>\n\t\t\t\t\n<style>\n#col-787730571 > .col-inner {\n  margin: -30px 0px 0px 0px;\n}\n<\/style>\n\t<\/div>\n\n\t\n<\/div>\n\t\t<\/div>\n\n\t\t\n<style>\n#section_391277142 {\n  padding-top: 30px;\n  padding-bottom: 30px;\n  min-height: 1100px;\n}\n<\/style>\n\t<\/section>\n\t\n\n\t<section class=\"section hide-for-medium\" id=\"section_1866071209\">\n\t\t<div class=\"section-bg fill\" >\n\t\t\t\t\t\t\t\t\t\n\t\t\t\n\n\t\t<\/div>\n\n\t\t\n\n\t\t<div class=\"section-content relative\">\n\t\t\t\n<div class=\"row\"  id=\"row-1754584963\">\n\n\t<div id=\"col-458981689\" class=\"col medium-6 small-12 large-6\"  >\n\t\t\t\t<div class=\"col-inner\"  >\n\t\t\t\n\t\t\t\n\t<div class=\"img has-hover x md-x lg-x y md-y lg-y\" id=\"image_1052729977\">\n\t\t\t\t\t\t\t\t<div class=\"img-inner dark\" >\n\t\t\t<img loading=\"lazy\" decoding=\"async\" width=\"800\" height=\"500\" src=\"https:\/\/tapgooglereview.io\/wp-content\/uploads\/2023\/11\/tam-nhin-vds.png\" class=\"attachment-original size-original\" alt=\"\" srcset=\"https:\/\/tapgooglereview.io\/wp-content\/uploads\/2023\/11\/tam-nhin-vds.png 800w, https:\/\/tapgooglereview.io\/wp-content\/uploads\/2023\/11\/tam-nhin-vds-247x154.png 247w, https:\/\/tapgooglereview.io\/wp-content\/uploads\/2023\/11\/tam-nhin-vds-510x319.png 510w, https:\/\/tapgooglereview.io\/wp-content\/uploads\/2023\/11\/tam-nhin-vds-300x188.png 300w, https:\/\/tapgooglereview.io\/wp-content\/uploads\/2023\/11\/tam-nhin-vds-768x480.png 768w\" sizes=\"auto, (max-width: 800px) 100vw, 800px\" \/>\t\t\t\t\t\t\n\t\t\t\t\t<\/div>\n\t\t\t\t\t\t\t\t\n<style>\n#image_1052729977 {\n  width: 100%;\n}\n<\/style>\n\t<\/div>\n\t\n\t\t<\/div>\n\t\t\t\t\t<\/div>\n\n\t\n\n\t<div id=\"col-2084689432\" class=\"col medium-6 small-12 large-6\"  >\n\t\t\t\t<div class=\"col-inner\"  >\n\t\t\t\n\t\t\t\n\n\t\t<div class=\"icon-box featured-box icon-box-left text-left\"  >\n\t\t\t\t\t<div class=\"icon-box-img\" style=\"width: 30px\">\n\t\t\t\t<div class=\"icon\">\n\t\t\t\t\t<div class=\"icon-inner\" >\n\t\t\t\t\t\t<svg xmlns=\"http:\/\/www.w3.org\/2000\/svg\" viewBox=\"0 0 320 512\"><!--! Font Awesome Pro 6.4.2 by @fontawesome - https:\/\/fontawesome.com License - https:\/\/fontawesome.com\/license (Commercial License) Copyright 2023 Fonticons, Inc. --><path d=\"M278.6 233.4c12.5 12.5 12.5 32.8 0 45.3l-160 160c-12.5 12.5-32.8 12.5-45.3 0s-12.5-32.8 0-45.3L210.7 256 73.4 118.6c-12.5-12.5-12.5-32.8 0-45.3s32.8-12.5 45.3 0l160 160z\"\/><\/svg>\t\t\t\t\t<\/div>\n\t\t\t\t<\/div>\n\t\t\t<\/div>\n\t\t\t\t<div class=\"icon-box-text last-reset\">\n\t\t\t\t\t\t\t\t\t\n\t<div id=\"text-1168794280\" class=\"text\">\n\t\t\n<h3>T\u1ea6M NH\u00ccN<\/h3>\n\t\t\n<style>\n#text-1168794280 {\n  font-size: 2.45rem;\n  line-height: 1.25;\n}\n<\/style>\n\t<\/div>\n\t\n<p>VDS kh\u00f4ng ng\u1eebng n\u1ed7 l\u1ef1c mang \u0111\u1ebfn nh\u1eefng s\u1ea3n ph\u1ea9m c\u00f3 gi\u00e1 tr\u1ecb t\u1ed1t nh\u1ea5t cho kh\u00e1ch h\u00e0ng v\u00e0 \u0111\u1ed3ng h\u00e0nh c\u00f9ng h\u1ecd h\u01b0\u1edbng t\u1edbi m\u1ee5c ti\u00eau C\u00d9NG PH\u00c1T TRI\u1ec2N, C\u00d9NG TH\u00c0NH C\u00d4NG!<\/p>\n<a href=\"#\" class=\"button primary is-large lowercase btn-order\"  style=\"border-radius:10px;\">\n\t\t<span>Li\u00ean h\u1ec7 ngay!<\/span>\n\t<\/a>\n\n\t\t<\/div>\n\t<\/div>\n\t\n\t\n\t\t<\/div>\n\t\t\t\t\t<\/div>\n\n\t\n<\/div>\n\t\t<\/div>\n\n\t\t\n<style>\n#section_1866071209 {\n  padding-top: 60px;\n  padding-bottom: 60px;\n}\n<\/style>\n\t<\/section>\n\t\n\n\t<section class=\"section show-for-medium\" id=\"section_1151377302\">\n\t\t<div class=\"section-bg fill\" >\n\t\t\t\t\t\t\t\t\t\n\t\t\t\n\n\t\t<\/div>\n\n\t\t\n\n\t\t<div class=\"section-content relative\">\n\t\t\t\n<div class=\"row\"  id=\"row-776860969\">\n\n\t<div id=\"col-1109185989\" class=\"col medium-6 small-12 large-6\"  >\n\t\t\t\t<div class=\"col-inner\"  >\n\t\t\t\n\t\t\t\n\t<div class=\"img has-hover x md-x lg-x y md-y lg-y\" id=\"image_479981716\">\n\t\t\t\t\t\t\t\t<div class=\"img-inner dark\" >\n\t\t\t<img loading=\"lazy\" decoding=\"async\" width=\"800\" height=\"500\" src=\"https:\/\/tapgooglereview.io\/wp-content\/uploads\/2023\/11\/tam-nhin-vds.png\" class=\"attachment-original size-original\" alt=\"\" srcset=\"https:\/\/tapgooglereview.io\/wp-content\/uploads\/2023\/11\/tam-nhin-vds.png 800w, https:\/\/tapgooglereview.io\/wp-content\/uploads\/2023\/11\/tam-nhin-vds-247x154.png 247w, https:\/\/tapgooglereview.io\/wp-content\/uploads\/2023\/11\/tam-nhin-vds-510x319.png 510w, https:\/\/tapgooglereview.io\/wp-content\/uploads\/2023\/11\/tam-nhin-vds-300x188.png 300w, https:\/\/tapgooglereview.io\/wp-content\/uploads\/2023\/11\/tam-nhin-vds-768x480.png 768w\" sizes=\"auto, (max-width: 800px) 100vw, 800px\" \/>\t\t\t\t\t\t\n\t\t\t\t\t<\/div>\n\t\t\t\t\t\t\t\t\n<style>\n#image_479981716 {\n  width: 100%;\n}\n<\/style>\n\t<\/div>\n\t\n\t\t<\/div>\n\t\t\t\t\t<\/div>\n\n\t\n\n\t<div id=\"col-1221784935\" class=\"col pb-0 medium-6 small-12 large-6\"  >\n\t\t\t\t<div class=\"col-inner\"  >\n\t\t\t\n\t\t\t\n\n\t\t<div class=\"icon-box featured-box icon-box-center text-center\"  >\n\t\t\t\t\t<div class=\"icon-box-img\" style=\"width: 45px\">\n\t\t\t\t<div class=\"icon\">\n\t\t\t\t\t<div class=\"icon-inner\" >\n\t\t\t\t\t\t<svg xmlns=\"http:\/\/www.w3.org\/2000\/svg\" viewBox=\"0 0 448 512\"><!--! Font Awesome Pro 6.4.2 by @fontawesome - https:\/\/fontawesome.com License - https:\/\/fontawesome.com\/license (Commercial License) Copyright 2023 Fonticons, Inc. --><path d=\"M201.4 342.6c12.5 12.5 32.8 12.5 45.3 0l160-160c12.5-12.5 12.5-32.8 0-45.3s-32.8-12.5-45.3 0L224 274.7 86.6 137.4c-12.5-12.5-32.8-12.5-45.3 0s-12.5 32.8 0 45.3l160 160z\"\/><\/svg>\t\t\t\t\t<\/div>\n\t\t\t\t<\/div>\n\t\t\t<\/div>\n\t\t\t\t<div class=\"icon-box-text last-reset\">\n\t\t\t\t\t\t\t\t\t\n\t<div id=\"text-3095970603\" class=\"text\">\n\t\t\n<p>T\u1ea6M NH\u00ccN<br \/>\n\t\t\n<style>\n#text-3095970603 {\n  font-size: 2.45rem;\n  line-height: 1.25;\n}\n<\/style>\n\t<\/div>\n\t\n\t<div id=\"gap-1281261170\" class=\"gap-element clearfix\" style=\"display:block; height:auto;\">\n\t\t\n<style>\n#gap-1281261170 {\n  padding-top: 30px;\n}\n<\/style>\n\t<\/div>\n\t\n<p>VDS kh\u00f4ng ng\u1eebng n\u1ed7 l\u1ef1c mang \u0111\u1ebfn nh\u1eefng s\u1ea3n ph\u1ea9m c\u00f3 gi\u00e1 tr\u1ecb t\u1ed1t nh\u1ea5t cho kh\u00e1ch h\u00e0ng v\u00e0 \u0111\u1ed3ng h\u00e0nh c\u00f9ng h\u1ecd h\u01b0\u1edbng t\u1edbi m\u1ee5c ti\u00eau C\u00d9NG PH\u00c1T TRI\u1ec2N, C\u00d9NG TH\u00c0NH C\u00d4NG!<\/p>\n\t<div id=\"gap-913973804\" class=\"gap-element clearfix\" style=\"display:block; height:auto;\">\n\t\t\n<style>\n#gap-913973804 {\n  padding-top: 30px;\n}\n<\/style>\n\t<\/div>\n\t\n<a href=\"#\" class=\"button primary is-large lowercase expand btn-order\"  >\n\t\t<span>Li\u00ean h\u1ec7 ngay!<\/span>\n\t<\/a>\n\n\t\t<\/div>\n\t<\/div>\n\t\n\t\n\t\t<\/div>\n\t\t\t\t\t<\/div>\n\n\t\n<\/div>\n\t\t<\/div>\n\n\t\t\n<style>\n#section_1151377302 {\n  padding-top: 60px;\n  padding-bottom: 60px;\n}\n<\/style>\n\t<\/section>\n\t\n\n\t<section class=\"section dark\" id=\"section_609877175\">\n\t\t<div class=\"section-bg fill\" >\n\t\t\t<img loading=\"lazy\" decoding=\"async\" width=\"1920\" height=\"700\" src=\"https:\/\/tapgooglereview.io\/wp-content\/uploads\/2023\/11\/giai-phap-thong-minh-de-phat-trien-thuong-hieu-ben-vung.png\" class=\"bg attachment- size-\" alt=\"\" \/>\t\t\t\t\t\t\n\t\t\t\n\n\t\t<\/div>\n\n\t\t\n\n\t\t<div class=\"section-content relative\">\n\t\t\t\n<div class=\"row\"  id=\"row-2128233169\">\n\n\t<div id=\"col-1057724198\" class=\"col pb-0 medium-6 small-12 large-6\"  >\n\t\t\t\t<div class=\"col-inner\"  >\n\t\t\t\n\t\t\t\n\n\t\t<div class=\"icon-box featured-box icon-box-center text-center\"  >\n\t\t\t\t\t<div class=\"icon-box-img\" style=\"width: 45px\">\n\t\t\t\t<div class=\"icon\">\n\t\t\t\t\t<div class=\"icon-inner\" >\n\t\t\t\t\t\t<svg xmlns=\"http:\/\/www.w3.org\/2000\/svg\" viewBox=\"0 0 448 512\"><!--! Font Awesome Pro 6.4.2 by @fontawesome - https:\/\/fontawesome.com License - https:\/\/fontawesome.com\/license (Commercial License) Copyright 2023 Fonticons, Inc. --><path d=\"M201.4 342.6c12.5 12.5 32.8 12.5 45.3 0l160-160c12.5-12.5 12.5-32.8 0-45.3s-32.8-12.5-45.3 0L224 274.7 86.6 137.4c-12.5-12.5-32.8-12.5-45.3 0s-12.5 32.8 0 45.3l160 160z\"\/><\/svg>\t\t\t\t\t<\/div>\n\t\t\t\t<\/div>\n\t\t\t<\/div>\n\t\t\t\t<div class=\"icon-box-text last-reset\">\n\t\t\t\t\t\t\t\t\t\n\t<div id=\"text-3652848738\" class=\"text\">\n\t\t\n<h3><span class=\"OYPEnA text-decoration-none text-strikethrough-none\">KINH DOANH<\/span><\/h3>\n\t\t\n<style>\n#text-3652848738 {\n  font-size: 2.45rem;\n  line-height: 1.25;\n}\n<\/style>\n\t<\/div>\n\t\n\t<div id=\"text-31397588\" class=\"text is-large\">\n\t\t\n<p>VDS cam k\u1ebft t\u00ecm ki\u1ebfm c\u00e1c gi\u1ea3i ph\u00e1p t\u1ed1t nh\u1ea5t \u0111\u1ec3 gi\u00fap c\u00e1c doanh nghi\u1ec7p ph\u00e1t tri\u1ec3n v\u00e0 th\u00e0nh c\u00f4ng trong ho\u1ea1t \u0111\u1ed9ng kinh doanh c\u1ee7a m\u00ecnh. Ch\u00fang t\u00f4i coi tr\u1ecdng s\u1ef1 h\u1ee3p t\u00e1c v\u00e0 mong mu\u1ed1n tr\u1edf th\u00e0nh \u0111\u1ed1i t\u00e1c \u0111\u00e1ng tin c\u1eady trong h\u00e0nh tr\u00ecnh h\u01b0\u1edbng t\u1edbi s\u1ef1 ph\u00e1t tri\u1ec3n v\u00e0 th\u00e0nh c\u00f4ng c\u1ee7a b\u1ea1n.<br \/>\n\t\t\n<style>\n#text-31397588 {\n  text-align: center;\n}\n@media (min-width:550px) {\n  #text-31397588 {\n    text-align: left;\n  }\n}\n<\/style>\n\t<\/div>\n\t\n<a href=\"#\" class=\"button primary is-large lowercase expand btn-order\"  >\n\t\t<span>Li\u00ean h\u1ec7 ngay!<\/span>\n\t<\/a>\n\n\t<div id=\"gap-1423658151\" class=\"gap-element clearfix\" style=\"display:block; height:auto;\">\n\t\t\n<style>\n#gap-1423658151 {\n  padding-top: 10px;\n}\n<\/style>\n\t<\/div>\n\t\n\t\t<\/div>\n\t<\/div>\n\t\n\t\n\t\t<\/div>\n\t\t\t\t\t<\/div>\n\n\t\n\n\t<div id=\"col-889632578\" class=\"col pb-0 medium-6 small-12 large-6 small-col-first\"  >\n\t\t\t\t<div class=\"col-inner\"  >\n\t\t\t\n\t\t\t\n\t<div class=\"img has-hover x md-x lg-x y md-y lg-y\" id=\"image_1496825803\">\n\t\t\t\t\t\t\t\t<div class=\"img-inner dark\" >\n\t\t\t<img loading=\"lazy\" decoding=\"async\" width=\"800\" height=\"600\" src=\"https:\/\/tapgooglereview.io\/wp-content\/uploads\/2023\/11\/su-menh-vds.png\" class=\"attachment-original size-original\" alt=\"\" srcset=\"https:\/\/tapgooglereview.io\/wp-content\/uploads\/2023\/11\/su-menh-vds.png 800w, https:\/\/tapgooglereview.io\/wp-content\/uploads\/2023\/11\/su-menh-vds-247x185.png 247w, https:\/\/tapgooglereview.io\/wp-content\/uploads\/2023\/11\/su-menh-vds-510x383.png 510w, https:\/\/tapgooglereview.io\/wp-content\/uploads\/2023\/11\/su-menh-vds-300x225.png 300w, https:\/\/tapgooglereview.io\/wp-content\/uploads\/2023\/11\/su-menh-vds-768x576.png 768w\" sizes=\"auto, (max-width: 800px) 100vw, 800px\" \/>\t\t\t\t\t\t\n\t\t\t\t\t<\/div>\n\t\t\t\t\t\t\t\t\n<style>\n#image_1496825803 {\n  width: 100%;\n}\n<\/style>\n\t<\/div>\n\t\n\t\t<\/div>\n\t\t\t\t\t<\/div>\n\n\t\n\n<style>\n#row-2128233169 > .col > .col-inner {\n  padding: 15px 0px 0px 0px;\n}\n<\/style>\n<\/div>\n\t\t<\/div>\n\n\t\t\n<style>\n#section_609877175 {\n  padding-top: 30px;\n  padding-bottom: 30px;\n}\n<\/style>\n\t<\/section>\n\t\n\n\t<section class=\"section\" id=\"section_345150150\">\n\t\t<div class=\"section-bg fill\" >\n\t\t\t\t\t\t\t\t\t\n\t\t\t\n\n\t\t<\/div>\n\n\t\t\n\n\t\t<div class=\"section-content relative\">\n\t\t\t\n<div class=\"row align-center\"  id=\"row-1247197460\">\n\n\t<div id=\"col-1758242502\" class=\"col pb-0 small-12 large-12\"  >\n\t\t\t\t<div class=\"col-inner text-center\"  >\n\t\t\t\n\t\t\t\n\t<div id=\"text-3030312149\" class=\"text\">\n\t\t\n<h2>CAM K\u1ebeT VDS<\/h2>\n\t\t\n<style>\n#text-3030312149 {\n  font-size: 1.65rem;\n  line-height: 1.35;\n  text-align: center;\n}\n@media (min-width:550px) {\n  #text-3030312149 {\n    font-size: 2rem;\n  }\n}\n<\/style>\n\t<\/div>\n\t\n\t<div id=\"text-1814262520\" class=\"text text-center\">\n\t\t\n<p>Uy t\u00edn l\u00e0 tr\u00ean h\u1ebft, ch\u1ea5t l\u01b0\u1ee3ng l\u00e0 quan tr\u1ecdng nh\u1ea5t. Ch\u00fang t\u00f4i tin t\u01b0\u1edfng ch\u1eafc ch\u1eafn r\u1eb1ng VDS l\u00e0 s\u1ef1 l\u1ef1a ch\u1ecdn \u0111\u00fang \u0111\u1eafn v\u00e0 t\u1ed1t nh\u1ea5t \u0111\u1ec3 doanh nghi\u1ec7p c\u1ee7a b\u1ea1n ph\u00e1t tri\u1ec3n v\u00e0 th\u00e0nh c\u00f4ng trong th\u1ecb tr\u01b0\u1eddng c\u1ea1nh tranh ng\u00e0y nay.<\/p>\n<p>\u0110\u1ec3 s\u1edf h\u1eefu gi\u1ea3i ph\u00e1p tuy\u1ec7t v\u1eddi n\u00e0y, h\u00e3y li\u00ean h\u1ec7 v\u1edbi VDS ngay h\u00f4m nay!<br \/>\n\t\t\t<\/div>\n\t\n<a class=\"button primary is-large lowercase hide-for-medium\"  style=\"border-radius:8px;\">\n\t\t<span>Li\u00ean h\u1ec7 ngay!<\/span>\n\t<\/a>\n\n\t<div class=\"img has-hover x md-x lg-x y md-y lg-y\" id=\"image_1331909112\">\n\t\t\t\t\t\t\t\t<div class=\"img-inner dark\" >\n\t\t\t<img loading=\"lazy\" decoding=\"async\" width=\"1000\" height=\"400\" src=\"https:\/\/tapgooglereview.io\/wp-content\/uploads\/2023\/11\/cam-ket-cua-vds.png\" class=\"attachment-original size-original\" alt=\"\" srcset=\"https:\/\/tapgooglereview.io\/wp-content\/uploads\/2023\/11\/cam-ket-cua-vds.png 1000w, https:\/\/tapgooglereview.io\/wp-content\/uploads\/2023\/11\/cam-ket-cua-vds-247x99.png 247w, https:\/\/tapgooglereview.io\/wp-content\/uploads\/2023\/11\/cam-ket-cua-vds-510x204.png 510w, https:\/\/tapgooglereview.io\/wp-content\/uploads\/2023\/11\/cam-ket-cua-vds-300x120.png 300w, https:\/\/tapgooglereview.io\/wp-content\/uploads\/2023\/11\/cam-ket-cua-vds-768x307.png 768w\" sizes=\"auto, (max-width: 1000px) 100vw, 1000px\" \/>\t\t\t\t\t\t\n\t\t\t\t\t<\/div>\n\t\t\t\t\t\t\t\t\n<style>\n#image_1331909112 {\n  width: 100%;\n}\n<\/style>\n\t<\/div>\n\t\n\t\t<\/div>\n\t\t\t\t\t<\/div>\n\n\t\n<\/div>\n\t\t<\/div>\n\n\t\t\n<style>\n#section_345150150 {\n  padding-top: 30px;\n  padding-bottom: 30px;\n}\n<\/style>\n\t<\/section>\n\t\n","protected":false},"excerpt":{"rendered":"","protected":false},"author":1,"featured_media":0,"parent":0,"menu_order":0,"comment_status":"closed","ping_status":"closed","template":"page-blank.php","meta":{"_acf_changed":false,"footnotes":""},"class_list":["post-3461","page","type-page","status-publish","hentry"],"acf":[],"_links":{"self":[{"href":"https:\/\/tapgooglereview.io\/vi\/wp-json\/wp\/v2\/pages\/3461","targetHints":{"allow":["GET"]}}],"collection":[{"href":"https:\/\/tapgooglereview.io\/vi\/wp-json\/wp\/v2\/pages"}],"about":[{"href":"https:\/\/tapgooglereview.io\/vi\/wp-json\/wp\/v2\/types\/page"}],"author":[{"embeddable":true,"href":"https:\/\/tapgooglereview.io\/vi\/wp-json\/wp\/v2\/users\/1"}],"replies":[{"embeddable":true,"href":"https:\/\/tapgooglereview.io\/vi\/wp-json\/wp\/v2\/comments?post=3461"}],"version-history":[{"count":18,"href":"https:\/\/tapgooglereview.io\/vi\/wp-json\/wp\/v2\/pages\/3461\/revisions"}],"predecessor-version":[{"id":3950,"href":"https:\/\/tapgooglereview.io\/vi\/wp-json\/wp\/v2\/pages\/3461\/revisions\/3950"}],"wp:attachment":[{"href":"https:\/\/tapgooglereview.io\/vi\/wp-json\/wp\/v2\/media?parent=3461"}],"curies":[{"name":"wp","href":"https:\/\/api.w.org\/{rel}","templated":true}]}}